{"id":7,"date":"2025-11-06T21:18:14","date_gmt":"2025-11-06T21:18:14","guid":{"rendered":"https:\/\/theagencytestes.clientestheagency.website\/?page_id=7"},"modified":"2026-02-06T20:35:51","modified_gmt":"2026-02-06T20:35:51","slug":"home","status":"publish","type":"page","link":"https:\/\/theagencytestes.clientestheagency.website\/","title":{"rendered":"Home"},"content":{"rendered":"\t\t<div data-elementor-type=\"wp-post\" data-elementor-id=\"7\" class=\"elementor elementor-7\">\n\t\t\t\t<div class=\"elementor-element elementor-element-f106186 e-con-full e-flex elementor-invisible e-con e-parent\" data-id=\"f106186\" data-element_type=\"container\" data-e-type=\"container\" data-settings=\"{&quot;background_background&quot;:&quot;classic&quot;,&quot;animation&quot;:&quot;fadeIn&quot;}\">\n\t\t\t\t<div class=\"elementor-element elementor-element-3074206 elementor-widget__width-inherit elementor-widget-mobile__width-inherit elementor-invisible elementor-widget elementor-widget-heading\" data-id=\"3074206\" data-element_type=\"widget\" data-e-type=\"widget\" data-settings=\"{&quot;_animation&quot;:&quot;fadeInLeft&quot;}\" data-widget_type=\"heading.default\">\n\t\t\t\t\t<h1 class=\"elementor-heading-title elementor-size-default\">A Nossa Equipa<span class=\"yellowspan\">.<\/span><\/h1>\t\t\t\t<\/div>\n\t\t\t\t<div class=\"elementor-element elementor-element-e53ee24 elementor-widget__width-initial elementor-widget-mobile__width-inherit elementor-invisible elementor-widget elementor-widget-text-editor\" data-id=\"e53ee24\" data-element_type=\"widget\" data-e-type=\"widget\" data-settings=\"{&quot;_animation&quot;:&quot;fadeInLeft&quot;}\" data-widget_type=\"text-editor.default\">\n\t\t\t\t\t\t\t\t\t<p>O cora\u00e7\u00e3o da Portugal Duty Free \u00e9 feito de pessoas. <br \/>Somos mais de 850 profissionais talentosos e apaixonados, espalhados por todo o pa\u00eds e a desempenhar fun\u00e7\u00f5es diversas, nas lojas, nos escrit\u00f3rios e nos bastidores dos nossos armaz\u00e9ns. Num ambiente internacional din\u00e2mico e em constante evolu\u00e7\u00e3o, enfrentamos desafios com entusiasmo e transformamos cada oportunidade em crescimento e inova\u00e7\u00e3o.<\/p>\t\t\t\t\t\t\t\t<\/div>\n\t\t\t\t<div class=\"elementor-element elementor-element-7122c34 elementor-invisible elementor-widget elementor-widget-button\" data-id=\"7122c34\" data-element_type=\"widget\" data-e-type=\"widget\" data-settings=\"{&quot;_animation&quot;:&quot;fadeInLeft&quot;}\" data-widget_type=\"button.default\">\n\t\t\t\t\t\t\t\t\t\t<a class=\"elementor-button elementor-button-link elementor-size-sm elementor-animation-shrink\" href=\"https:\/\/recrutamento.ptdf.pt\/\">\n\t\t\t\t\t\t<span class=\"elementor-button-content-wrapper\">\n\t\t\t\t\t\t\t\t\t<span class=\"elementor-button-text\">Junte-se \u00e0 nossa equipa<\/span>\n\t\t\t\t\t<\/span>\n\t\t\t\t\t<\/a>\n\t\t\t\t\t\t\t\t<\/div>\n\t\t\t\t<\/div>\n\t\t\t\t<div class=\"elementor-element elementor-element-24220e1 e-con e-atomic-element e-div-block-base e-24220e1-d4eeef6 teste\" data-id=\"24220e1\" data-element_type=\"e-div-block\" data-e-type=\"e-div-block\" data-interaction-id=\"24220e1\" data-interactions=\"[&quot;load-fade-in--300-0-0-viewport-15-85&quot;]\">\n\t\t\t\t<div class=\"elementor-element elementor-element-1cbc0f4 e-con e-atomic-element e-flexbox-base\" data-id=\"1cbc0f4\" data-element_type=\"e-flexbox\" data-e-type=\"e-flexbox\">\n\t\t\t\t<\/div>\n\t\t\t\t<div class=\"elementor-element elementor-element-7ad3cee e-con e-atomic-element e-flexbox-base\" data-id=\"7ad3cee\" data-element_type=\"e-flexbox\" data-e-type=\"e-flexbox\">\n\t\t\t\t<\/div>\n\t\t\t\t<\/div>\n\t\t\t\t<\/div>\n\t\t","protected":false},"excerpt":{"rendered":"<p>A Nossa Equipa. O cora\u00e7\u00e3o da Portugal Duty Free \u00e9 feito de pessoas. Somos mais de 850 profissionais talentosos e apaixonados, espalhados por todo o pa\u00eds e a desempenhar fun\u00e7\u00f5es diversas, nas lojas, nos escrit\u00f3rios e nos bastidores dos nossos armaz\u00e9ns. Num ambiente internacional din\u00e2mico e em constante evolu\u00e7\u00e3o, enfrentamos desafios com entusiasmo e transformamos [&hellip;]<\/p>\n","protected":false},"author":1,"featured_media":0,"parent":0,"menu_order":0,"comment_status":"closed","ping_status":"closed","template":"","meta":{"footnotes":""},"class_list":["post-7","page","type-page","status-publish","hentry"],"_links":{"self":[{"href":"https:\/\/theagencytestes.clientestheagency.website\/index.php\/wp-json\/wp\/v2\/pages\/7","targetHints":{"allow":["GET"]}}],"collection":[{"href":"https:\/\/theagencytestes.clientestheagency.website\/index.php\/wp-json\/wp\/v2\/pages"}],"about":[{"href":"https:\/\/theagencytestes.clientestheagency.website\/index.php\/wp-json\/wp\/v2\/types\/page"}],"author":[{"embeddable":true,"href":"https:\/\/theagencytestes.clientestheagency.website\/index.php\/wp-json\/wp\/v2\/users\/1"}],"replies":[{"embeddable":true,"href":"https:\/\/theagencytestes.clientestheagency.website\/index.php\/wp-json\/wp\/v2\/comments?post=7"}],"version-history":[{"count":29,"href":"https:\/\/theagencytestes.clientestheagency.website\/index.php\/wp-json\/wp\/v2\/pages\/7\/revisions"}],"predecessor-version":[{"id":43,"href":"https:\/\/theagencytestes.clientestheagency.website\/index.php\/wp-json\/wp\/v2\/pages\/7\/revisions\/43"}],"wp:attachment":[{"href":"https:\/\/theagencytestes.clientestheagency.website\/index.php\/wp-json\/wp\/v2\/media?parent=7"}],"curies":[{"name":"wp","href":"https:\/\/api.w.org\/{rel}","templated":true}]}}